{"id":35,"date":"2023-01-24T10:53:14","date_gmt":"2023-01-24T09:53:14","guid":{"rendered":"https:\/\/plonkaimmobilien.wordpress.com\/?page_id=35"},"modified":"2023-03-27T10:52:34","modified_gmt":"2023-03-27T10:52:34","slug":"impressum","status":"publish","type":"page","link":"https:\/\/plonka-immobilien.de\/?page_id=35","title":{"rendered":"Impressum"},"content":{"rendered":"\n<pre class=\"wp-block-preformatted has-primary-color has-text-color has-small-font-size\">Plonka Immobilien GmbH\nGesch\u00e4ftsf\u00fchrer: Lars Hericks\nPostfachanschrift: Niederrheinallee 345b, 47506 Neukirchen-Vluyn\nTelefon: 02845 7050\nTelefax: 02845 7005\nHandelsregister: AG Kleve \/ HRB 12453\n\n<strong>Haftung f\u00fcr Inhalte\n<\/strong>F\u00fcr die Richtigkeit, Vollst\u00e4ndigkeit und Aktualit\u00e4t der Inhalte \u00fcbernimmt der Inhaber dieser Seite keine Gew\u00e4hr. Als Diensteanbieter ist der Inhaber dieser Seite gem\u00e4\u00df \u00a7 7 Abs.1 TMG f\u00fcr eigene Inhalte auf diesen Seiten nach den allgemeinen Gesetzen verantwortlich. Nach \u00a7\u00a7 8 bis 10 TMG ist die Plonka Immobilien GmbH als Diensteanbieter jedoch nicht verpflichtet, \u00fcbermittelte oder gespeicherte fremde Informationen zu \u00fcberwachen oder nach Umst\u00e4nden zu forschen, die auf eine rechtswidrige T\u00e4tigkeit hinweisen. Verpflichtungen zur Entfernung oder Sperrung der Nutzung von Informationen nach den allgemeinen Gesetzen bleiben hiervon unber\u00fchrt. Eine diesbez\u00fcgliche Haftung ist jedoch erst ab dem Zeitpunkt der Kenntnis einer konkreten Rechtsverletzung m\u00f6glich. Bei Bekanntwerden von entsprechenden Rechtsverletzungen werden wir diese Inhalte umgehend entfernen.\n\n<strong>Haftung f\u00fcr Links\n<\/strong>Diese Website enth\u00e4lt Links zu externen Webseiten Dritter, auf deren Inhalte Plonka Immobilien GmbH keinen Einfluss hat. Deshalb \u00fcbernimmt die Plonka Immobilien GmbH f\u00fcr diese fremden Inhalte auch keine Gew\u00e4hr. F\u00fcr die Inhalte der verlinkten Seiten ist stets der jeweilige Anbieter oder Betreiber der Seiten verantwortlich. Die verlinkten Seiten wurden zum Zeitpunkt der Verlinkung auf m\u00f6gliche Rechtsverst\u00f6\u00dfe \u00fcberpr\u00fcft. Rechtswidrige Inhalte waren zum Zeitpunkt der Verlinkung nicht erkennbar. Eine permanente inhaltliche Kontrolle der verlinkten Seiten ist jedoch ohne konkrete Anhaltspunkte einer Rechtsverletzung nicht zumutbar. Bei Bekanntwerden von Rechtsverletzungen werden derartige Links umgehend entfernt.\n\nDie durch Plonka Immobilien GmbH erstellten Inhalte und Werke auf diesen Seiten unterliegen dem deutschen Urheberrecht. Die Vervielf\u00e4ltigung, Bearbeitung, Verbreitung und jede Art der Verwertung au\u00dferhalb der Grenzen des Urheberrechtes bed\u00fcrfen der schriftlichen Zustimmung von der Plonka Immobilien GmbH. Downloads und Kopien dieser Seite sind nur f\u00fcr den privaten, nicht kommerziellen Gebrauch gestattet. Soweit die Inhalte auf dieser Seite nicht von der Plonka Immobilien GmbH erstellt wurden, werden die Urheberrechte Dritter beachtet. Insbesondere werden Inhalte Dritter als solche gekennzeichnet. Sollten Sie trotzdem auf eine Urheberrechtsverletzung aufmerksam werden, bittet die Plonka Immobilien GmbH um einen entsprechenden Hinweis. Bei Bekanntwerden von Rechtsverletzungen wird die Plonka Immobilien GmbH derartige Inhalte umgehend entfernen.<\/pre>\n","protected":false},"excerpt":{"rendered":"<p>Plonka Immobilien GmbH Gesch\u00e4ftsf\u00fchrer: Lars Hericks Postfachanschrift: Niederrheinallee 345b, 47506 Neukirchen-Vluyn Telefon: 02845 7050 Telefax: [&hellip;]<\/p>\n","protected":false},"author":2,"featured_media":0,"parent":0,"menu_order":0,"comment_status":"closed","ping_status":"closed","template":"","meta":{"footnotes":""},"class_list":["post-35","page","type-page","status-publish","hentry"],"_links":{"self":[{"href":"https:\/\/plonka-immobilien.de\/index.php?rest_route=\/wp\/v2\/pages\/35","targetHints":{"allow":["GET"]}}],"collection":[{"href":"https:\/\/plonka-immobilien.de\/index.php?rest_route=\/wp\/v2\/pages"}],"about":[{"href":"https:\/\/plonka-immobilien.de\/index.php?rest_route=\/wp\/v2\/types\/page"}],"author":[{"embeddable":true,"href":"https:\/\/plonka-immobilien.de\/index.php?rest_route=\/wp\/v2\/users\/2"}],"replies":[{"embeddable":true,"href":"https:\/\/plonka-immobilien.de\/index.php?rest_route=%2Fwp%2Fv2%2Fcomments&post=35"}],"version-history":[{"count":2,"href":"https:\/\/plonka-immobilien.de\/index.php?rest_route=\/wp\/v2\/pages\/35\/revisions"}],"predecessor-version":[{"id":136,"href":"https:\/\/plonka-immobilien.de\/index.php?rest_route=\/wp\/v2\/pages\/35\/revisions\/136"}],"wp:attachment":[{"href":"https:\/\/plonka-immobilien.de\/index.php?rest_route=%2Fwp%2Fv2%2Fmedia&parent=35"}],"curies":[{"name":"wp","href":"https:\/\/api.w.org\/{rel}","templated":true}]}}