{"id":38,"date":"2023-01-24T10:53:22","date_gmt":"2023-01-24T09:53:22","guid":{"rendered":"https:\/\/plonkaimmobilien.wordpress.com\/?page_id=38"},"modified":"2023-01-24T10:53:22","modified_gmt":"2023-01-24T09:53:22","slug":"partner","status":"publish","type":"page","link":"https:\/\/plonka-immobilien.de\/?page_id=38","title":{"rendered":"Partner"},"content":{"rendered":"\n<pre class=\"wp-block-preformatted has-primary-color has-text-color\">Fast w\u00f6chentlich beauftragen wir als Verwaltung im Namen von Eigent\u00fcmergemeinschaften Instandhaltungs- Instandsetzungs-, Renovierungs-, Sanierungs- oder Modernisierungsma\u00dfnahmen.\n\nAufgrund der dadurch resultierenden Erfahrung mit unterschiedlichen Fachbetrieben k\u00f6nnen wir folgende Unternehmen nach fachlichen, qualitativen und kostenspezifischen Belangen empfehlen:\n\n<strong>Maler und Lackierer \n<\/strong>Fachwerkstatt Holderberg (Meisterbetrieb)\nGr\u00fcner Weg 16\n47506 Neukirchen-Vluyn\nTel.: 02845 - 94 95 76\nMail: jetzt@mal-was-gutes.de\nWeb: www.mal-was-gutes.de\n\n<strong>Elektro<\/strong>\nElektrotechnik Ingendahl (Meisterbetrieb)\nAldekerker Str. 5\n47509 Rheurdt\nTel.: 02845 - 79 09 08 7\nFax: 02845 - 79 0 90 88\nMobil: 0174 - 94 44 43 2\nMail: info@elektrotenik-ingendahl.de\nWeb:http:\/\/www.elektrotechnik-ingendahl.de\n\n<strong>Gartenbau, Hausmeisterservice<\/strong>\nGartenservice und Objektbetreuung Benjamin Ziffus\nWeistra\u00dfe 12\n47506 Neukirchen-Vluyn\nTel.: 02845 - 29 81 82\nFax: 02845 - 29 81 82\nMobil: &nbsp;0173 - 28 30 97 7\nMail:benjaminziffus@aol.com\nWeb:http:\/\/www.gartenservice-ziffus.de \n\n<strong>Schreinerei<\/strong>\nBau und M\u00f6belschreinerei Seitram (Meisterbetrieb)\nIn den Pannenkaulen 7\n47509 Schaephuysen\nMobil: 0163 - 13 26 58 3\nMail: seitrams@web.de\nWeb:http:\/\/www.schreinerei-seitrams.de\n\n<strong>Dachdecker<\/strong>\nDachdeckermeister Willi Stillger\nGrotfeldsweg 17\n47506 Neukirchen-Vluyn\nTel: 02845 - 98 41 98 44\nFax: 02845 - 98 41 98 45\nMail:willi-stillger@t-online.de\nWeb: http:\/\/www.stillger-dach.de\n\n<strong>Heizung und Sanit\u00e4r\n<\/strong>Ladocsi &amp; Team Heizungsbau GmbH (Meisterbetrieb)\nInneboltstra\u00dfe 103\n47506 Neukirchen-Vluyn\nTel: 02845 - 28 92 6 od. 28 90 6\nFax: 02845 - 21 81 8\nMail:info@ladocsi.de\nWeb: http:\/\/www.ladocsi.de\n\n<strong>Fliesenleger<\/strong>\nFliesen Design Sdrenka\nRoosenstra\u00dfe 81\n47506 Neukirchen-Vluyn\nTel:02845 - 94 55 82\nMobil: 0173 - 53 95 79 1\nMail: fliesen-design-sdrenka@t-online.de\nWeb:http:\/\/www.fliesen-design-sdrenka.de \n\nSelbstverst\u00e4ndlich werden f\u00fcr gr\u00f6\u00dfere Ma\u00dfnahmen nicht sofort Fachfirmen von der Verwaltung bestellt, sondern es werden viel mehr mit der Einholung von drei Vergleichsangeboten gearbeitet um ein optimales Kosten-Nutzen Verh\u00e4ltnis f\u00fcr das jeweilige Bauvorhaben erzielen zu k\u00f6nnen<\/pre>\n","protected":false},"excerpt":{"rendered":"<p>Fast w\u00f6chentlich beauftragen wir als Verwaltung im Namen von Eigent\u00fcmergemeinschaften Instandhaltungs- Instandsetzungs-, Renovierungs-, Sanierungs- oder [&hellip;]<\/p>\n","protected":false},"author":2,"featured_media":0,"parent":0,"menu_order":0,"comment_status":"closed","ping_status":"closed","template":"","meta":{"footnotes":""},"class_list":["post-38","page","type-page","status-publish","hentry"],"_links":{"self":[{"href":"https:\/\/plonka-immobilien.de\/index.php?rest_route=\/wp\/v2\/pages\/38","targetHints":{"allow":["GET"]}}],"collection":[{"href":"https:\/\/plonka-immobilien.de\/index.php?rest_route=\/wp\/v2\/pages"}],"about":[{"href":"https:\/\/plonka-immobilien.de\/index.php?rest_route=\/wp\/v2\/types\/page"}],"author":[{"embeddable":true,"href":"https:\/\/plonka-immobilien.de\/index.php?rest_route=\/wp\/v2\/users\/2"}],"replies":[{"embeddable":true,"href":"https:\/\/plonka-immobilien.de\/index.php?rest_route=%2Fwp%2Fv2%2Fcomments&post=38"}],"version-history":[{"count":0,"href":"https:\/\/plonka-immobilien.de\/index.php?rest_route=\/wp\/v2\/pages\/38\/revisions"}],"wp:attachment":[{"href":"https:\/\/plonka-immobilien.de\/index.php?rest_route=%2Fwp%2Fv2%2Fmedia&parent=38"}],"curies":[{"name":"wp","href":"https:\/\/api.w.org\/{rel}","templated":true}]}}