{"id":89,"date":"2023-02-07T09:53:41","date_gmt":"2023-02-07T08:53:41","guid":{"rendered":"https:\/\/plonkaimmobilien.wordpress.com\/?page_id=89"},"modified":"2023-02-07T09:53:41","modified_gmt":"2023-02-07T08:53:41","slug":"bewertung-vermarktung","status":"publish","type":"page","link":"https:\/\/plonka-immobilien.de\/?page_id=89","title":{"rendered":"Bewertung &amp; Vermarktung"},"content":{"rendered":"\n<p class=\"has-text-align-center has-primary-color has-text-color\">Sie erwarten eine reibungslose Abwicklung und angemessene Preise \u2013 wir garantieren Ihnen eine ehrliche und kompetente Beratung.<\/p>\n\n\n\n<p class=\"has-text-align-center has-primary-color has-text-color\">Als Immobilienmakler mit jahrelanger Markterfahrungen k\u00f6nnen wir den besten Angebotspreis f\u00fcr Ihre Immobilie ermitteln. Dabei hilft uns auch der intensive Austausch mit einem Expertengremium vor Ort, um \u00fcber aktuelle Entwicklungen und Trends auf dem Immobilienmarkt informiert zu sein.<\/p>\n\n\n\n<p class=\"has-text-align-center has-primary-color has-text-color\">Wir begleiten Sie w\u00e4hrend des gesamten Verkaufsprozesses \u2013 von der Erstellung aller notwendigen Unterlagen bis zum Abschluss des Kaufvertrages.<\/p>\n","protected":false},"excerpt":{"rendered":"<p>Sie erwarten eine reibungslose Abwicklung und angemessene Preise \u2013 wir garantieren Ihnen eine ehrliche und [&hellip;]<\/p>\n","protected":false},"author":2,"featured_media":0,"parent":0,"menu_order":0,"comment_status":"closed","ping_status":"closed","template":"","meta":{"footnotes":""},"class_list":["post-89","page","type-page","status-publish","hentry"],"_links":{"self":[{"href":"https:\/\/plonka-immobilien.de\/index.php?rest_route=\/wp\/v2\/pages\/89","targetHints":{"allow":["GET"]}}],"collection":[{"href":"https:\/\/plonka-immobilien.de\/index.php?rest_route=\/wp\/v2\/pages"}],"about":[{"href":"https:\/\/plonka-immobilien.de\/index.php?rest_route=\/wp\/v2\/types\/page"}],"author":[{"embeddable":true,"href":"https:\/\/plonka-immobilien.de\/index.php?rest_route=\/wp\/v2\/users\/2"}],"replies":[{"embeddable":true,"href":"https:\/\/plonka-immobilien.de\/index.php?rest_route=%2Fwp%2Fv2%2Fcomments&post=89"}],"version-history":[{"count":0,"href":"https:\/\/plonka-immobilien.de\/index.php?rest_route=\/wp\/v2\/pages\/89\/revisions"}],"wp:attachment":[{"href":"https:\/\/plonka-immobilien.de\/index.php?rest_route=%2Fwp%2Fv2%2Fmedia&parent=89"}],"curies":[{"name":"wp","href":"https:\/\/api.w.org\/{rel}","templated":true}]}}